{"id":666,"date":"2016-09-22T13:41:43","date_gmt":"2016-09-22T13:41:43","guid":{"rendered":"http:\/\/esterilizacionweb.propla.net\/proceso-de-esterilizacion\/"},"modified":"2016-09-22T13:41:43","modified_gmt":"2016-09-22T13:41:43","slug":"proceso-de-esterilizacion","status":"publish","type":"page","link":"https:\/\/esterilizacion.eu\/en\/proceso-de-esterilizacion\/","title":{"rendered":"Proceso de Esterilizaci\u00f3n"},"content":{"rendered":"<p style=\"text-align: left;\">\u00bfPor qu\u00e9 el \u00f3xido de etileno? La esterilizaci\u00f3n por \u00f3xido de etileno se utiliza principalmente para esterilizar productos m\u00e9dicos y farmac\u00e9uticos que no soportan la esterilizaci\u00f3n convencional a alta temperatura y que no pueden ser esterilizados por otro procedimiento. Es el indicado para la esterilizaci\u00f3n de materiales de pl\u00e1stico (polietileno, polipropileno\u2026) y productos sanitarios termosensibles. El gas EtO se filtra en los paquetes, as\u00ed como en los propios productos para acabar con los microorganismos que quedan despu\u00e9s del proceso de producci\u00f3n o envasado.<\/p>\n<h3 style=\"text-align: left;\">Las principales ventajas del \u00f3xido de etileno son:<\/h3>\n<ul style=\"text-align: left;\">\n<li>Buena difusi\u00f3n en los materiales porosos.<\/li>\n<li>Buena difusi\u00f3n y absorci\u00f3n en la mayor\u00eda de los pl\u00e1sticos termosensibles.<\/li>\n<li>Buena acci\u00f3n superficial sobre los instrumentos met\u00e1licos termosensibles.<\/li>\n<li>No reacciona ni deteriora la mayor\u00eda de los materiales que constituyen los elementos a esterilizar por este m\u00e9todo, lo que permite su uso sin riesgo.<\/li>\n<li>La combinaci\u00f3n de estas particularidades posibilit\u00f3 su amplia difusi\u00f3n, ya que permite:<\/li>\n<li>Penetrar en los pliegos y lugares m\u00e1s inaccesibles del elemento a esterilizar.<\/li>\n<li>Esterilizar entre los 25\u00baC y los 55\u00baC, garantizando la no deformaci\u00f3n o destrucci\u00f3n de los elementos a esterilizar.<\/li>\n<li>Traspasar las membranas de las empaquetaduras que contienen los elementos (en especial el film de polietileno).<\/li>\n<\/ul>\n<h3 style=\"text-align: left;\">En Esterilizaci\u00f3n, S.L. el proceso de esterilizaci\u00f3n se basa en los siguientes pasos:<\/h3>\n<ul style=\"text-align: left;\">\n<li>Dise\u00f1o de ciclo\/Receta. Funcionabilidad del producto. Se debe estudiar si el producto se puede someter a los procesos de esterilizaci\u00f3n por \u00f3xido de etileno. Factores a tener en cuenta:\n<ul>\n<li>Temperatura que soporta el producto<\/li>\n<li>Humedad que se le puede aplicar<\/li>\n<li>Dise\u00f1o de producto vs vac\u00edo aplicado en la c\u00e1mara<\/li>\n<li>Velocidad de vac\u00edo<\/li>\n<li>Tiempo de aireaci\u00f3n<\/li>\n<\/ul>\n<\/li>\n<li>Validaci\u00f3n de receta<\/li>\n<li>Proceso en rutina<\/li>\n<li>Revalidaci\u00f3n de receta<\/li>\n<li>Mejoras en proceso<\/li>\n<\/ul>\n<h3 style=\"text-align: left;\">El ciclo de esterilizaci\u00f3n se dise\u00f1a de forma que:<\/h3>\n<ul>\n<li style=\"text-align: left;\">Se trabaje siempre en presi\u00f3n subatmosf\u00e9rica<\/li>\n<li style=\"text-align: left;\">Se trabaje en todo momento dentro de la zona segura del tri\u00e1ngulo de explosividad<\/li>\n<li style=\"text-align: left;\">Se disponga de un sistema de avisos\/alarmas validado<\/li>\n<li style=\"text-align: left;\">Control continuo online del proceso validado<\/li>\n<li style=\"text-align: left;\">Todos los gases pasen por el scrubber antes de ir a la atmosfera<\/li>\n<\/ul>\n","protected":false},"excerpt":{"rendered":"<p>\u00bfPor qu\u00e9 el \u00f3xido de etileno? La esterilizaci\u00f3n por \u00f3xido de etileno se utiliza principalmente para esterilizar productos m\u00e9dicos y farmac\u00e9uticos que no soportan la esterilizaci\u00f3n convencional a alta temperatura y que no pueden ser esterilizados por otro procedimiento. Es el indicado para la esterilizaci\u00f3n de materiales de pl\u00e1stico (polietileno, polipropileno\u2026) y productos sanitarios termosensibles. El gas EtO se filtra en los paquetes, as\u00ed como en los propios productos para acabar con los microorganismos que quedan despu\u00e9s del proceso de producci\u00f3n o envasado. Las principales ventajas del \u00f3xido de etileno son: Buena difusi\u00f3n en los materiales porosos. Buena difusi\u00f3n y absorci\u00f3n en la mayor\u00eda de los pl\u00e1sticos termosensibles. Buena acci\u00f3n &hellip; <a href=\"https:\/\/esterilizacion.eu\/en\/proceso-de-esterilizacion\/\" class=\"more-link\">Continue reading <span class=\"screen-reader-text\">Proceso de Esterilizaci\u00f3n<\/span> <span class=\"meta-nav\">&rarr;<\/span><\/a><\/p>\n","protected":false},"author":1,"featured_media":0,"parent":0,"menu_order":0,"comment_status":"closed","ping_status":"closed","template":"","meta":{"_acf_changed":false,"footnotes":""},"class_list":["post-666","page","type-page","status-publish","hentry"],"acf":[],"_links":{"self":[{"href":"https:\/\/esterilizacion.eu\/en\/wp-json\/wp\/v2\/pages\/666","targetHints":{"allow":["GET"]}}],"collection":[{"href":"https:\/\/esterilizacion.eu\/en\/wp-json\/wp\/v2\/pages"}],"about":[{"href":"https:\/\/esterilizacion.eu\/en\/wp-json\/wp\/v2\/types\/page"}],"author":[{"embeddable":true,"href":"https:\/\/esterilizacion.eu\/en\/wp-json\/wp\/v2\/users\/1"}],"replies":[{"embeddable":true,"href":"https:\/\/esterilizacion.eu\/en\/wp-json\/wp\/v2\/comments?post=666"}],"version-history":[{"count":0,"href":"https:\/\/esterilizacion.eu\/en\/wp-json\/wp\/v2\/pages\/666\/revisions"}],"wp:attachment":[{"href":"https:\/\/esterilizacion.eu\/en\/wp-json\/wp\/v2\/media?parent=666"}],"curies":[{"name":"wp","href":"https:\/\/api.w.org\/{rel}","templated":true}]}}