{"id":672,"date":"2016-09-19T07:06:52","date_gmt":"2016-09-19T07:06:52","guid":{"rendered":"http:\/\/esterilizacionweb.propla.net\/empresa\/"},"modified":"2018-06-06T09:15:51","modified_gmt":"2018-06-06T09:15:51","slug":"empresa","status":"publish","type":"page","link":"https:\/\/esterilizacion.eu\/en\/empresa\/","title":{"rendered":"THE COMPANY"},"content":{"rendered":"<p>Fruit of the knowledge and experience of its two founders, <strong>Esterilizaci\u00f3n<\/strong> was founded in July 1987.<\/p>\n<p>With 30 years of experience in the sterilization sector, <strong>Esterilizaci\u00f3n<\/strong> has become one of the leading companies in the sector in Spain.<\/p>\n<p>Its beginnings, in Barber\u00e0 del Vall\u00e9s, start with a sterilization chamber by Ethylene Oxide with capacity for 5 pallets. At present, the facilities occupy an industrial site in Montmel\u00f3 with an area of \u200b\u200b3,000 m2, of which 2,000 m2 correspond to 4 sterilization chambers by Ethylene Oxide, one of them automated; aeration and storage chambers.<\/p>\n<p><strong>Esterilizaci\u00f3n, S.L.<\/strong>, following its desire for growing and to improve continuously, is immersed in a program of renovation of its facilities in order to improve sterilization productive capacity, improve the energy efficiency of their processes and improve protocols and environmental responsibility systems.<\/p>\n<p><img loading=\"lazy\" decoding=\"async\" class=\"aligncenter wp-image-769 size-full\" src=\"http:\/\/esterilizacionweb.propla.net\/wp-content\/uploads\/2018\/06\/esquema-empresa-eng.jpg\" alt=\"\" width=\"972\" height=\"1878\" srcset=\"https:\/\/esterilizacion.eu\/wp-content\/uploads\/2018\/06\/esquema-empresa-eng.jpg 972w, https:\/\/esterilizacion.eu\/wp-content\/uploads\/2018\/06\/esquema-empresa-eng-155x300.jpg 155w, https:\/\/esterilizacion.eu\/wp-content\/uploads\/2018\/06\/esquema-empresa-eng-768x1484.jpg 768w, https:\/\/esterilizacion.eu\/wp-content\/uploads\/2018\/06\/esquema-empresa-eng-530x1024.jpg 530w\" sizes=\"auto, (max-width: 972px) 100vw, 972px\" \/><\/p>\n","protected":false},"excerpt":{"rendered":"<p>Fruit of the knowledge and experience of its two founders, Esterilizaci\u00f3n was founded in July 1987. With 30 years of experience in the sterilization sector, Esterilizaci\u00f3n has become one of the leading companies in the sector in Spain. Its beginnings, in Barber\u00e0 del Vall\u00e9s, start with a sterilization chamber by Ethylene Oxide with capacity for 5 pallets. At present, the facilities occupy an industrial site in Montmel\u00f3 with an area of \u200b\u200b3,000 m2, of which 2,000 m2 correspond to 4 sterilization chambers by Ethylene Oxide, one of them automated; aeration and storage chambers. Esterilizaci\u00f3n, S.L., following its desire for growing and to improve continuously, is immersed in a program of &hellip; <a href=\"https:\/\/esterilizacion.eu\/en\/empresa\/\" class=\"more-link\">Continue reading <span class=\"screen-reader-text\">THE COMPANY<\/span> <span class=\"meta-nav\">&rarr;<\/span><\/a><\/p>\n","protected":false},"author":1,"featured_media":0,"parent":0,"menu_order":0,"comment_status":"closed","ping_status":"closed","template":"page-empresa.php","meta":{"_acf_changed":false,"footnotes":""},"class_list":["post-672","page","type-page","status-publish","hentry"],"acf":[],"_links":{"self":[{"href":"https:\/\/esterilizacion.eu\/en\/wp-json\/wp\/v2\/pages\/672","targetHints":{"allow":["GET"]}}],"collection":[{"href":"https:\/\/esterilizacion.eu\/en\/wp-json\/wp\/v2\/pages"}],"about":[{"href":"https:\/\/esterilizacion.eu\/en\/wp-json\/wp\/v2\/types\/page"}],"author":[{"embeddable":true,"href":"https:\/\/esterilizacion.eu\/en\/wp-json\/wp\/v2\/users\/1"}],"replies":[{"embeddable":true,"href":"https:\/\/esterilizacion.eu\/en\/wp-json\/wp\/v2\/comments?post=672"}],"version-history":[{"count":4,"href":"https:\/\/esterilizacion.eu\/en\/wp-json\/wp\/v2\/pages\/672\/revisions"}],"predecessor-version":[{"id":771,"href":"https:\/\/esterilizacion.eu\/en\/wp-json\/wp\/v2\/pages\/672\/revisions\/771"}],"wp:attachment":[{"href":"https:\/\/esterilizacion.eu\/en\/wp-json\/wp\/v2\/media?parent=672"}],"curies":[{"name":"wp","href":"https:\/\/api.w.org\/{rel}","templated":true}]}}