{"id":674,"date":"2016-09-15T10:58:27","date_gmt":"2016-09-15T10:58:27","guid":{"rendered":"http:\/\/esterilizacionweb.propla.net\/home\/"},"modified":"2018-06-06T07:57:27","modified_gmt":"2018-06-06T07:57:27","slug":"home","status":"publish","type":"page","link":"https:\/\/esterilizacion.eu\/en\/","title":{"rendered":"EXPERTS IN STERILIZATION BY OXIDE ETHYLENE FOR MEDICAL AND PHARMACEUTICAL PRODUCT."},"content":{"rendered":"<ul>\n<li style=\"text-align: left;\">Especialista en la esterilizaci\u00f3n por \u00f3xido de etileno de productos sanitarios.<\/li>\n<\/ul>\n<ul>\n<li>Dise\u00f1ar el proceso de esterilizaci\u00f3n \u00f3ptimo teniendo en cuenta:\n<ul>\n<li style=\"text-align: left;\">Necesidades del cliente.<\/li>\n<li style=\"text-align: left;\">Necesidades del producto.<\/li>\n<li style=\"text-align: left;\">Siguiendo los est\u00e1ndares de calidad actuales.<\/li>\n<li style=\"text-align: left;\">Buscando el proceso m\u00e1s seguro.<\/li>\n<li style=\"text-align: left;\">Siendo respetuoso con el Medio Ambiente.<\/li>\n<\/ul>\n<\/li>\n<\/ul>\n","protected":false},"excerpt":{"rendered":"<p>Especialista en la esterilizaci\u00f3n por \u00f3xido de etileno de productos sanitarios. Dise\u00f1ar el proceso de esterilizaci\u00f3n \u00f3ptimo teniendo en cuenta: Necesidades del cliente. Necesidades del producto. Siguiendo los est\u00e1ndares de calidad actuales. Buscando el proceso m\u00e1s seguro. Siendo respetuoso con el Medio Ambiente.<\/p>\n","protected":false},"author":1,"featured_media":0,"parent":0,"menu_order":0,"comment_status":"closed","ping_status":"closed","template":"page-home.php","meta":{"_acf_changed":false,"footnotes":""},"class_list":["post-674","page","type-page","status-publish","hentry"],"acf":[],"_links":{"self":[{"href":"https:\/\/esterilizacion.eu\/en\/wp-json\/wp\/v2\/pages\/674","targetHints":{"allow":["GET"]}}],"collection":[{"href":"https:\/\/esterilizacion.eu\/en\/wp-json\/wp\/v2\/pages"}],"about":[{"href":"https:\/\/esterilizacion.eu\/en\/wp-json\/wp\/v2\/types\/page"}],"author":[{"embeddable":true,"href":"https:\/\/esterilizacion.eu\/en\/wp-json\/wp\/v2\/users\/1"}],"replies":[{"embeddable":true,"href":"https:\/\/esterilizacion.eu\/en\/wp-json\/wp\/v2\/comments?post=674"}],"version-history":[{"count":1,"href":"https:\/\/esterilizacion.eu\/en\/wp-json\/wp\/v2\/pages\/674\/revisions"}],"predecessor-version":[{"id":758,"href":"https:\/\/esterilizacion.eu\/en\/wp-json\/wp\/v2\/pages\/674\/revisions\/758"}],"wp:attachment":[{"href":"https:\/\/esterilizacion.eu\/en\/wp-json\/wp\/v2\/media?parent=674"}],"curies":[{"name":"wp","href":"https:\/\/api.w.org\/{rel}","templated":true}]}}