{"id":852,"date":"2018-06-06T12:42:28","date_gmt":"2018-06-06T12:42:28","guid":{"rendered":"http:\/\/esterilizacionweb.propla.net\/aviso-legal\/"},"modified":"2018-06-06T12:42:28","modified_gmt":"2018-06-06T12:42:28","slug":"aviso-legal","status":"publish","type":"page","link":"https:\/\/esterilizacion.eu\/en\/aviso-legal\/","title":{"rendered":"Aviso Legal"},"content":{"rendered":"<p>En cumplimiento de la Ley 34\/2002, de Servicios de la Sociedad de la Informaci\u00f3n y de Comercio Electr\u00f3nico (LSSI), le informamos de que:<\/p>\n<p><strong>1.- Datos Identificativos<\/strong><\/p>\n<p>El sitio web <strong>www.esterilizacion.eu\/ <\/strong>(en adelante, el \u201cSitio Web\u201d) es titularidad de:<\/p>\n<ul>\n<li>Empresa: Esterilizacion SL<\/li>\n<li>CIF: B58271065<\/li>\n<li>Registro mercantil:<\/li>\n<li>Domicilio social: \u00a0\u00a0\u00a0\u00a0\u00a0\u00a0\u00a0\u00a0\u00a0\u00a0\u00a0\u00a0\u00a0\u00a0\u00a0 Calle de la Verneda del Congost, n\u00ba12 (P.I del Circuit de Catalunya)<\/li>\n<li>Tel\u00e9fono: 579.92.82<\/li>\n<li>Correo electr\u00f3nico: <a href=\"mailto:esterilizacion@esterilizacion.eu\">esterilizacion@esterilizacion.eu<\/a><\/li>\n<\/ul>\n<p><strong>2.- Condiciones de Uso.<\/strong><\/p>\n<p>Este Sitio Web tienen por objeto facilitar a los visitantes (en adelante, el \u201cUsuario\u201d), el conocimiento de las actividades que esta empresa realiza y de los servicios que presta. El uso de este sitio Web implica la aceptaci\u00f3n expresa de las condiciones aqu\u00ed expuestas, sin perjuicio de aquellas particulares que pudieran aplicarse a algunos de los servicios concretos ofrecidos a trav\u00e9s del sitio Web. El usuario se compromete a utilizar el Sitio Web y sus contenidos, con fines l\u00edcitos que no lesionen los intereses del Titular derechos de terceros.<\/p>\n<p><strong>3.- Propiedad intelectual e industrial<\/strong><\/p>\n<p>El dise\u00f1o del portal y sus c\u00f3digos fuente, as\u00ed como los logos, textos, marcas y dem\u00e1s signos distintivos que aparecen en el mismo pertenecen al Titular del sitio Web y est\u00e1n protegidos por los correspondientes derechos de propiedad intelectual e industrial.<\/p>\n<p>Queda expresament prohibida la reproducci\u00f3n, distribuci\u00f3n o la comunicaci\u00f3n p\u00fablica, incluida su modalidad de puesta a disposici\u00f3n, de la totalidad o parte de los contenidos de esta p\u00e1gina Web, con cualquier fin, en cualquier soporte y por cualquier medio t\u00e9cnico, sin la autorizaci\u00f3n del Titular. No obstante, el usuario puede visualizar todos los elementos, imprimirlos, copiarlos y almacenarlos en el disco duro de su ordenador o en cualquier otro soporte f\u00edsico siempre y cuando sea, \u00fanica y exclusivamente, para su uso personal y privado.<\/p>\n<p><strong>3.- Enlaces de Terceros<\/strong><\/p>\n<p>El Titular no se hace responsable de la legalidad de otros sitios web de terceros desde los que pueda accederse al portal ni por la legalidad de otros sitios web de terceros, que pudieran estar vinculados o enlazados desde este portal.<\/p>\n<p>Asimismo, El Titular no se hace responsable del uso que terceros hagan de la informaci\u00f3n publicada en el portal, ni tampoco de los da\u00f1os sufridos o p\u00e9rdidas econ\u00f3micas que, de forma directa o indirecta, produzcan o puedan producir perjuicios econ\u00f3micos, materiales o sobre datos, provocados por el uso de dicha informaci\u00f3n.<\/p>\n<p><strong>4.- Modificaci\u00f3n de las Condiciones<\/strong><\/p>\n<p>El Titular se reserva el derecho de efectuar, en cualquier momento y sin necesidad de previo aviso, modificaciones y actualizaciones de la informaci\u00f3n contenida en el Sitio Web Web o en la configuraci\u00f3n y presentaci\u00f3n de \u00e9sta.<\/p>\n<p><strong>5.- Ley Aplicable y Jurisdicci\u00f3n<\/strong><\/p>\n<p>Todas las controversias que se susciten entre el Titular y el Usuario relativas al Aviso Legal se regir\u00e1n por sus propias cl\u00e1usulas y, de acuerdo con la legislaci\u00f3n espa\u00f1ola, someti\u00e9ndose expresamente las partes a la jurisdicci\u00f3n de los Juzgados y Tribunales del domicilio del Titular.<\/p>\n<ol start=\"6\">\n<li><strong> Protecci\u00f3n de datos Personales<\/strong><\/li>\n<\/ol>\n<p>Para utilizar algunos de los servicios el Sitio Web, es posible que el Usuario deba proporcionar previamente ciertos datos de car\u00e1cter personal mediante formularios u otros medios. Para ello, el Titular le informa que tratar\u00e1 los Datos Personales conforme a las normativas vigentes de protecci\u00f3n de datos personales. Para saber m\u00e1s, consulta la Pol\u00edtica de Privacidad.<\/p>\n","protected":false},"excerpt":{"rendered":"<p>En cumplimiento de la Ley 34\/2002, de Servicios de la Sociedad de la Informaci\u00f3n y de Comercio Electr\u00f3nico (LSSI), le informamos de que: 1.- Datos Identificativos El sitio web www.esterilizacion.eu\/ (en adelante, el \u201cSitio Web\u201d) es titularidad de: Empresa: Esterilizacion SL CIF: B58271065 Registro mercantil: Domicilio social: \u00a0\u00a0\u00a0\u00a0\u00a0\u00a0\u00a0\u00a0\u00a0\u00a0\u00a0\u00a0\u00a0\u00a0\u00a0 Calle de la Verneda del Congost, n\u00ba12 (P.I del Circuit de Catalunya) Tel\u00e9fono: 579.92.82 Correo electr\u00f3nico: esterilizacion@esterilizacion.eu 2.- Condiciones de Uso. Este Sitio Web tienen por objeto facilitar a los visitantes (en adelante, el \u201cUsuario\u201d), el conocimiento de las actividades que esta empresa realiza y de los servicios que presta. El uso de este sitio Web implica la aceptaci\u00f3n expresa de las &hellip; <a href=\"https:\/\/esterilizacion.eu\/en\/aviso-legal\/\" class=\"more-link\">Continue reading <span class=\"screen-reader-text\">Aviso Legal<\/span> <span class=\"meta-nav\">&rarr;<\/span><\/a><\/p>\n","protected":false},"author":1,"featured_media":0,"parent":0,"menu_order":0,"comment_status":"closed","ping_status":"closed","template":"page-empresa.php","meta":{"_acf_changed":false,"footnotes":""},"class_list":["post-852","page","type-page","status-publish","hentry"],"acf":[],"_links":{"self":[{"href":"https:\/\/esterilizacion.eu\/en\/wp-json\/wp\/v2\/pages\/852","targetHints":{"allow":["GET"]}}],"collection":[{"href":"https:\/\/esterilizacion.eu\/en\/wp-json\/wp\/v2\/pages"}],"about":[{"href":"https:\/\/esterilizacion.eu\/en\/wp-json\/wp\/v2\/types\/page"}],"author":[{"embeddable":true,"href":"https:\/\/esterilizacion.eu\/en\/wp-json\/wp\/v2\/users\/1"}],"replies":[{"embeddable":true,"href":"https:\/\/esterilizacion.eu\/en\/wp-json\/wp\/v2\/comments?post=852"}],"version-history":[{"count":0,"href":"https:\/\/esterilizacion.eu\/en\/wp-json\/wp\/v2\/pages\/852\/revisions"}],"wp:attachment":[{"href":"https:\/\/esterilizacion.eu\/en\/wp-json\/wp\/v2\/media?parent=852"}],"curies":[{"name":"wp","href":"https:\/\/api.w.org\/{rel}","templated":true}]}}